{"id":3,"date":"2022-09-30T10:24:42","date_gmt":"2022-09-30T10:24:42","guid":{"rendered":"https:\/\/todoconstruccion.com\/?page_id=3"},"modified":"2026-01-27T17:29:15","modified_gmt":"2026-01-27T15:29:15","slug":"politica-de-privacidad","status":"publish","type":"page","link":"https:\/\/todoconstruccion.com\/tcventanas\/politica-de-privacidad\/","title":{"rendered":"Pol\u00edtica de privacidad"},"content":{"rendered":"<section class=\"l-section wpb_row height_large\"><div class=\"l-section-h i-cf\"><div class=\"g-cols vc_row via_flex valign_top type_default stacking_default\"><div class=\"vc_col-sm-12 wpb_column vc_column_container\"><div class=\"vc_column-inner\"><div class=\"wpb_wrapper\">[vc_custom_heading text=\u00bbPol\u00edtica de privacidad\u00bb font_container=\u00bbtag:h1|text_align:left\u00bb use_theme_fonts=\u00bbyes\u00bb]<div class=\"wpb_text_column\"><div class=\"wpb_wrapper\"><p><strong>Todo Construcci\u00f3n\u00a0GARANTIZA LA PRIVACIDAD DE SUS DATOS<\/strong><\/p>\n<p><strong>Si teme por la privacidad de sus datos, en esta p\u00e1gina encontrar\u00e1 respuesta a todas sus dudas<\/strong><\/p>\n<p>En\u00a0<strong>Todo Construcci\u00f3n<\/strong>\u00a0valoramos enormemente la confianza que ha depositado en nosotros, por eso, toda la informaci\u00f3n que nos facilite ser\u00e1 utilizada exclusivamente para proporcionarle un mejor servicio. Garantizar la protecci\u00f3n de sus datos es nuestro m\u00e1ximo compromiso.<\/p>\n<p><strong>QU\u00c9 DATOS SOLICITA\u00a0Todo Construcci\u00f3n<\/strong><\/p>\n<p>Siempre que quiera puede navegar sin dar informaci\u00f3n personal y permanecer en el anonimato durante todo el recorrido por nuestra web.<\/p>\n<p>En el momento en que decida pagar en www.todoconstruccion.com o solicitar informaci\u00f3n, pediremos por medio de los formularios sus datos personales con el fin de tramitarlos correctamente, as\u00ed como para proporcionarle el mejor servicio. Los datos que nos proporcione ser\u00e1n incorporados en la base de datos de\u00a0<strong>Todo Construcci\u00f3n<\/strong>, garantizando en todo momento la confidencialidad y privacidad de los mismos.<\/p>\n<p><strong>Los datos que nos env\u00eda los utilizamos para:<\/strong><\/p>\n<p>\u2022\u00a0Procesar su pedido, pago de factura, solicitud de presupuesto o de informaci\u00f3n y mantenerle informado del estado del mismo.<br \/>\n\u2022\u00a0Informarle de las novedades y ofertas que ofrece\u00a0<strong>Todo Construcci\u00f3n<\/strong>, recomend\u00e1ndole art\u00edculos que pueden ser de su inter\u00e9s. Aunque si no quiere recibir este servicio, s\u00f3lo tiene que mandarnos un e-mail indicando que no quiere recibir que le enviemos informaci\u00f3n.<br \/>\n\u2022\u00a0Desarrollar y mejorar nuestra web, ya que a trav\u00e9s de los datos de nuestos clientes, podemos conocer c\u00f3mo utilizan la p\u00e1ginay adaptarla a sus necesidades.<br \/>\n\u2022\u00a0En el caso de concursos o promociones, para hacer saber a los ganadores que efectivamente han ganado o cumplir con la promoci\u00f3n<\/p>\n<p><strong>TRATAMIENTO Y PRIVACIDAD DE LOS DATOS OBTENIDOS A TRAV\u00c9S DE LA P\u00c1GINA WEB<\/strong><\/p>\n<p><strong>Todo Construcci\u00f3n<\/strong>, S.L. asume las obligaciones recogidas en el C\u00f3digo \u00c9tico de Protecci\u00f3n de Datos Personales en Internet de la Asociaci\u00f3n Espa\u00f1ola de Comercio Electr\u00f3nico (AECE) y se compromete a respetarlo.<\/p>\n<p><strong>1. Navegaci\u00f3n An\u00f3nima a trav\u00e9s de P\u00e1ginas Web<\/strong><\/p>\n<p>\u2022\u00a0El nombre del dominio del proveedor (PSI) que les da acceso a la red. Por ejemplo, un usuario del proveedor XXX solo estar\u00e1 identificado con el dominio xxx.es. De esta manera podemos elaborar estad\u00edsticas sobre los pa\u00edses y servidores que visitan m\u00e1s a menudo nuestra web.<br \/>\n\u2022\u00a0La fecha y hora de acceso a nuestra web. Ello nos permite averiguar las horas de m\u00e1s afluencia, y hacer los ajustes precisos para evitar problemas de saturaci\u00f3n en nuestras horas punta.<br \/>\n\u2022\u00a0La direcci\u00f3n de Internet desde la que parti\u00f3 el link que dirige a nuestra web. Gracias a este dato, podemos conocer la efectividad de los distintos banners y enlaces que apuntan a nuestro servidor, con el fin de potenciar los que ofrezcan mejores resultados.<br \/>\n\u2022\u00a0El n\u00famero de visitantes diarios de cada secci\u00f3n. Ello nos permite conocer las \u00e1reas de m\u00e1s \u00e9xito y aumentar y mejorar su contenido, con el fin de que los usuarios obtengan un resultado m\u00e1s satisfactorio.<br \/>\n\u2022\u00a0La informaci\u00f3n contenida es totalmente an\u00f3nima, y en ning\u00fan caso puede ser asociada a un usuario concreto e identificado.<\/p>\n<p><strong>2. Navegaci\u00f3n con Cookie<\/strong><\/p>\n<p>\u2022\u00a0Nuestra p\u00e1gina web utiliza cookies, que son peque\u00f1as piezas de informaci\u00f3n que quedan almacenados en el navegador del usuario. www.todoconstruccion.com utiliza las cookies para reconocer al cliente cuando regresa, para conocer los intereses de sus clientes y poder adaptar su oferta a los intereses de \u00e9stos. En concreto nos permiten obtener la siguiente informaci\u00f3n:<br \/>\n\u2022\u00a0La fecha y hora de la \u00faltima vez que el usuario visit\u00f3 nuestra web.<br \/>\n\u2022\u00a0El dise\u00f1o de contenidos que el usuario escogi\u00f3 en su primera visita a nuestra web.<br \/>\n\u2022\u00a0Elementos de seguridad que intervienen en el control de acceso a las \u00e1reas restringidas.<br \/>\n\u2022\u00a0La mayor\u00eda de los navegadores aceptan autom\u00e1ticamente cookies, pero el usuario tiene la opci\u00f3n de impedir la generaci\u00f3n de cookies, mediante la selecci\u00f3n de la correspondiente opci\u00f3n en su programa navegador. La no aceptaci\u00f3n de cookies no impide el acceso a la web de www.todoconstruccion.com.<br \/>\n\u2022\u00a0Con la informaci\u00f3n que obtenemos mediante esta tecnolog\u00eda, esperamos mejorar nuestra web y los servicios y productos que le ofrecemos.<\/p>\n<p><strong>3. Tratamiento de los Datos de Car\u00e1cter Personal<\/strong><\/p>\n<p>\u2022\u00a0<strong>Todo Construcci\u00f3n<\/strong>\u00a0S.L., sociedad limitada de nacionalidad espa\u00f1ola con domicilio social en M\u00e1laga (Espa\u00f1a), y titular del web site www.todoconstruccion.com es la titular de la base de datos generada con los datos de car\u00e1cter personal suministrados por los usuarios.<br \/>\n\u2022\u00a0El usuario autoriza el tratamiento automatizado de los datos personales suministrados, necesarios para la prestaci\u00f3n de servicios pactados, as\u00ed como para la oferta y contrataci\u00f3n de otros productos y servicios de\u00a0<strong>Todo Construcci\u00f3n<\/strong>. Asimismo el usuario presta su consentimiento para que\u00a0<strong>Todo Construcci\u00f3n<\/strong>\u00a0ceda sus datos al grupo al que pertenece, as\u00ed como a otras empresas con las que concluya acuerdos de colaboraci\u00f3n con la \u00fanica finalidad de la mejor prestaci\u00f3n del servicio, radicadas en Espa\u00f1a o en el extranjero, respetando, en todo caso, la legislaci\u00f3n espa\u00f1ola sobre protecci\u00f3n de los datos de car\u00e1cter personal.<br \/>\n\u2022\u00a0La informaci\u00f3n contenida en la citada base de datos es usada tanto para la correcta identificaci\u00f3n de los usuarios que solicitan servicios personalizados en www.todoconstruccion.com, como para la realizaci\u00f3n de estudios estad\u00edsticos de los usuarios registrados de\u00a0<strong>Todo Construcci\u00f3n<\/strong>\u00a0que permitan dise\u00f1ar mejoras en los servicios prestados, llevar a cabo tareas b\u00e1sicas de administraci\u00f3n y poder comunicar incidencias, ofertas o novedades a los usuarios ya registrados v\u00eda correo electr\u00f3nico.<br \/>\n\u2022\u00a0La informaci\u00f3n personal recabada de los usuarios registrados es almacenada en bases de datos propiedad de\u00a0<strong>Todo Construcci\u00f3n<\/strong>, que asume las medidas de \u00edndole t\u00e9cnica, organizativa y de seguridad que garanticen la confidencialidad e integridad de la informaci\u00f3n de acuerdo con lo establecido en la Ley Org\u00e1nica 15\/1999 de 13 de diciembre, de Protecci\u00f3n de Datos de Car\u00e1cter Personal (LOPD), y dem\u00e1s legislaci\u00f3n aplicable.<br \/>\n\u2022\u00a0El usuario responder\u00e1, en cualquier caso, de la veracidad de los datos facilitados, reserv\u00e1ndose\u00a0<strong>Todo Construcci\u00f3n<\/strong>\u00a0el derecho a excluir de los servicios registrados a todo usuario que haya facilitado datos falsos, sin perjuicio de las dem\u00e1s acciones que procedan de Derecho.<\/p>\n<p><strong>4. Derecho de Oposici\u00f3n, Correcci\u00f3n y Actualizaci\u00f3n de Datos<\/strong><\/p>\n<p>\u2022\u00a0En cumplimiento de lo dispuesto en la Ley Org\u00e1nica 15\/1999 de 13 de diciembre de Protecci\u00f3n de Datos de car\u00e1cter personal, el cliente de www.todoconstruccion.com puede en cualquier momento ejercer el derecho a acceder, rectificar y, en su caso, cancelar sus datos de car\u00e1cter mediante comunicaci\u00f3n escrita dirigida a\u00a0<strong>Todo Construcci\u00f3n<\/strong>, Ctra. de C\u00e1rtama Km. 11.4, 29590 Campanillas (M\u00e1laga). Espa\u00f1a.<br \/>\n\u2022\u00a0Se entender\u00e1 que el usuario acepta las condiciones establecidas si pulsa el bot\u00f3n \u201cENVIAR\u201d que se encuentra en el formulario de recogida de datos.<\/p>\n<p><strong>5. Funci\u00f3n de los Links<\/strong><\/p>\n<p>Como servicio de valor a\u00f1adido, www.todoconstruccion.com ofrece enlaces con otras p\u00e1ginas web. La funci\u00f3n de los links que aparecen en esta p\u00e1gina es exclusivamente la de informar al usuario sobre la existencia de otras fuentes de informaci\u00f3n sobre la materia en Internet, donde podr\u00e1 ampliar los datos ofrecidos en esta web. Intentamos seleccionar cuidadosamente las p\u00e1ginas web que creemos que son \u00fatiles y cumplen nuestros altos est\u00e1ndares.\u00a0<strong>Todo Construcci\u00f3n<\/strong>\u00a0no ser\u00e1 en ning\u00fan caso responsable del resultado obtenido a trav\u00e9s de dichos enlaces hipertextuales.<\/p>\n<\/div><\/div><\/div><\/div><\/div><\/div><\/div><\/section>\n","protected":false},"excerpt":{"rendered":"[vc_custom_heading text=\"Pol\u00edtica de privacidad\" font_container=\"tag:h1|text_align:left\" use_theme_fonts=\"yes\"]Todo Construcci\u00f3n\u00a0GARANTIZA LA PRIVACIDAD DE SUS DATOS Si teme por la privacidad de sus datos, en esta p\u00e1gina encontrar\u00e1 respuesta a todas sus dudas En\u00a0Todo Construcci\u00f3n\u00a0valoramos enormemente la confianza que ha depositado en nosotros, por eso, toda la informaci\u00f3n que nos facilite ser\u00e1 utilizada exclusivamente para proporcionarle un mejor servicio....","protected":false},"author":1,"featured_media":0,"parent":0,"menu_order":0,"comment_status":"closed","ping_status":"open","template":"","meta":{"_acf_changed":false,"footnotes":""},"class_list":["post-3","page","type-page","status-publish","hentry"],"acf":[],"yoast_head":"<!-- This site is optimized with the Yoast SEO plugin v27.4 - https:\/\/yoast.com\/product\/yoast-seo-wordpress\/ -->\n<title>Pol\u00edtica de privacidad | Todo Construcci\u00f3n<\/title>\n<meta name=\"robots\" content=\"noindex, follow\" \/>\n<meta property=\"og:locale\" content=\"es_ES\" \/>\n<meta property=\"og:type\" content=\"article\" \/>\n<meta property=\"og:title\" content=\"Pol\u00edtica de privacidad | Todo Construcci\u00f3n\" \/>\n<meta property=\"og:url\" content=\"https:\/\/todoconstruccion.com\/tcventanas\/politica-de-privacidad\/\" \/>\n<meta property=\"og:site_name\" content=\"Todo Construcci\u00f3n\" \/>\n<meta property=\"article:publisher\" content=\"https:\/\/www.facebook.com\/todoconstrucciononline\/\" \/>\n<meta property=\"article:modified_time\" content=\"2026-01-27T15:29:15+00:00\" \/>\n<meta name=\"twitter:card\" content=\"summary_large_image\" \/>\n<meta name=\"twitter:site\" content=\"@allconstruccion\" \/>\n<meta name=\"twitter:label1\" content=\"Tiempo de lectura\" \/>\n\t<meta name=\"twitter:data1\" content=\"6 minutos\" \/>\n<script type=\"application\/ld+json\" class=\"yoast-schema-graph\">{\"@context\":\"https:\\\/\\\/schema.org\",\"@graph\":[{\"@type\":\"WebPage\",\"@id\":\"https:\\\/\\\/todoconstruccion.com\\\/tcventanas\\\/politica-de-privacidad\\\/\",\"url\":\"https:\\\/\\\/todoconstruccion.com\\\/tcventanas\\\/politica-de-privacidad\\\/\",\"name\":\"Pol\u00edtica de privacidad | Todo Construcci\u00f3n\",\"isPartOf\":{\"@id\":\"https:\\\/\\\/todoconstruccion.com\\\/tcventanas\\\/#website\"},\"datePublished\":\"2022-09-30T10:24:42+00:00\",\"dateModified\":\"2026-01-27T15:29:15+00:00\",\"breadcrumb\":{\"@id\":\"https:\\\/\\\/todoconstruccion.com\\\/tcventanas\\\/politica-de-privacidad\\\/#breadcrumb\"},\"inLanguage\":\"es\",\"potentialAction\":[{\"@type\":\"ReadAction\",\"target\":[\"https:\\\/\\\/todoconstruccion.com\\\/tcventanas\\\/politica-de-privacidad\\\/\"]}]},{\"@type\":\"BreadcrumbList\",\"@id\":\"https:\\\/\\\/todoconstruccion.com\\\/tcventanas\\\/politica-de-privacidad\\\/#breadcrumb\",\"itemListElement\":[{\"@type\":\"ListItem\",\"position\":1,\"name\":\"Portada\",\"item\":\"https:\\\/\\\/todoconstruccion.com\\\/tcventanas\\\/\"},{\"@type\":\"ListItem\",\"position\":2,\"name\":\"Pol\u00edtica de privacidad\"}]},{\"@type\":\"WebSite\",\"@id\":\"https:\\\/\\\/todoconstruccion.com\\\/tcventanas\\\/#website\",\"url\":\"https:\\\/\\\/todoconstruccion.com\\\/tcventanas\\\/\",\"name\":\"Todo Construcci\u00f3n\",\"description\":\"\",\"publisher\":{\"@id\":\"https:\\\/\\\/todoconstruccion.com\\\/tcventanas\\\/#organization\"},\"potentialAction\":[{\"@type\":\"SearchAction\",\"target\":{\"@type\":\"EntryPoint\",\"urlTemplate\":\"https:\\\/\\\/todoconstruccion.com\\\/tcventanas\\\/?s={search_term_string}\"},\"query-input\":{\"@type\":\"PropertyValueSpecification\",\"valueRequired\":true,\"valueName\":\"search_term_string\"}}],\"inLanguage\":\"es\"},{\"@type\":\"Organization\",\"@id\":\"https:\\\/\\\/todoconstruccion.com\\\/tcventanas\\\/#organization\",\"name\":\"Todo Construcci\u00f3n\",\"url\":\"https:\\\/\\\/todoconstruccion.com\\\/tcventanas\\\/\",\"logo\":{\"@type\":\"ImageObject\",\"inLanguage\":\"es\",\"@id\":\"https:\\\/\\\/todoconstruccion.com\\\/tcventanas\\\/#\\\/schema\\\/logo\\\/image\\\/\",\"url\":\"https:\\\/\\\/todoconstruccion.com\\\/tcventanas\\\/wp-content\\\/uploads\\\/2026\\\/01\\\/logo-todo-construccion.svg\",\"contentUrl\":\"https:\\\/\\\/todoconstruccion.com\\\/tcventanas\\\/wp-content\\\/uploads\\\/2026\\\/01\\\/logo-todo-construccion.svg\",\"width\":\"1024\",\"height\":\"1024\",\"caption\":\"Todo Construcci\u00f3n\"},\"image\":{\"@id\":\"https:\\\/\\\/todoconstruccion.com\\\/tcventanas\\\/#\\\/schema\\\/logo\\\/image\\\/\"},\"sameAs\":[\"https:\\\/\\\/www.facebook.com\\\/todoconstrucciononline\\\/\",\"https:\\\/\\\/x.com\\\/allconstruccion\"]}]}<\/script>\n<!-- \/ Yoast SEO plugin. -->","yoast_head_json":{"title":"Pol\u00edtica de privacidad | Todo Construcci\u00f3n","robots":{"index":"noindex","follow":"follow"},"og_locale":"es_ES","og_type":"article","og_title":"Pol\u00edtica de privacidad | Todo Construcci\u00f3n","og_url":"https:\/\/todoconstruccion.com\/tcventanas\/politica-de-privacidad\/","og_site_name":"Todo Construcci\u00f3n","article_publisher":"https:\/\/www.facebook.com\/todoconstrucciononline\/","article_modified_time":"2026-01-27T15:29:15+00:00","twitter_card":"summary_large_image","twitter_site":"@allconstruccion","twitter_misc":{"Tiempo de lectura":"6 minutos"},"schema":{"@context":"https:\/\/schema.org","@graph":[{"@type":"WebPage","@id":"https:\/\/todoconstruccion.com\/tcventanas\/politica-de-privacidad\/","url":"https:\/\/todoconstruccion.com\/tcventanas\/politica-de-privacidad\/","name":"Pol\u00edtica de privacidad | Todo Construcci\u00f3n","isPartOf":{"@id":"https:\/\/todoconstruccion.com\/tcventanas\/#website"},"datePublished":"2022-09-30T10:24:42+00:00","dateModified":"2026-01-27T15:29:15+00:00","breadcrumb":{"@id":"https:\/\/todoconstruccion.com\/tcventanas\/politica-de-privacidad\/#breadcrumb"},"inLanguage":"es","potentialAction":[{"@type":"ReadAction","target":["https:\/\/todoconstruccion.com\/tcventanas\/politica-de-privacidad\/"]}]},{"@type":"BreadcrumbList","@id":"https:\/\/todoconstruccion.com\/tcventanas\/politica-de-privacidad\/#breadcrumb","itemListElement":[{"@type":"ListItem","position":1,"name":"Portada","item":"https:\/\/todoconstruccion.com\/tcventanas\/"},{"@type":"ListItem","position":2,"name":"Pol\u00edtica de privacidad"}]},{"@type":"WebSite","@id":"https:\/\/todoconstruccion.com\/tcventanas\/#website","url":"https:\/\/todoconstruccion.com\/tcventanas\/","name":"Todo Construcci\u00f3n","description":"","publisher":{"@id":"https:\/\/todoconstruccion.com\/tcventanas\/#organization"},"potentialAction":[{"@type":"SearchAction","target":{"@type":"EntryPoint","urlTemplate":"https:\/\/todoconstruccion.com\/tcventanas\/?s={search_term_string}"},"query-input":{"@type":"PropertyValueSpecification","valueRequired":true,"valueName":"search_term_string"}}],"inLanguage":"es"},{"@type":"Organization","@id":"https:\/\/todoconstruccion.com\/tcventanas\/#organization","name":"Todo Construcci\u00f3n","url":"https:\/\/todoconstruccion.com\/tcventanas\/","logo":{"@type":"ImageObject","inLanguage":"es","@id":"https:\/\/todoconstruccion.com\/tcventanas\/#\/schema\/logo\/image\/","url":"https:\/\/todoconstruccion.com\/tcventanas\/wp-content\/uploads\/2026\/01\/logo-todo-construccion.svg","contentUrl":"https:\/\/todoconstruccion.com\/tcventanas\/wp-content\/uploads\/2026\/01\/logo-todo-construccion.svg","width":"1024","height":"1024","caption":"Todo Construcci\u00f3n"},"image":{"@id":"https:\/\/todoconstruccion.com\/tcventanas\/#\/schema\/logo\/image\/"},"sameAs":["https:\/\/www.facebook.com\/todoconstrucciononline\/","https:\/\/x.com\/allconstruccion"]}]}},"_links":{"self":[{"href":"https:\/\/todoconstruccion.com\/tcventanas\/wp-json\/wp\/v2\/pages\/3","targetHints":{"allow":["GET"]}}],"collection":[{"href":"https:\/\/todoconstruccion.com\/tcventanas\/wp-json\/wp\/v2\/pages"}],"about":[{"href":"https:\/\/todoconstruccion.com\/tcventanas\/wp-json\/wp\/v2\/types\/page"}],"author":[{"embeddable":true,"href":"https:\/\/todoconstruccion.com\/tcventanas\/wp-json\/wp\/v2\/users\/1"}],"replies":[{"embeddable":true,"href":"https:\/\/todoconstruccion.com\/tcventanas\/wp-json\/wp\/v2\/comments?post=3"}],"version-history":[{"count":3,"href":"https:\/\/todoconstruccion.com\/tcventanas\/wp-json\/wp\/v2\/pages\/3\/revisions"}],"predecessor-version":[{"id":2312,"href":"https:\/\/todoconstruccion.com\/tcventanas\/wp-json\/wp\/v2\/pages\/3\/revisions\/2312"}],"wp:attachment":[{"href":"https:\/\/todoconstruccion.com\/tcventanas\/wp-json\/wp\/v2\/media?parent=3"}],"curies":[{"name":"wp","href":"https:\/\/api.w.org\/{rel}","templated":true}]}}